{"id":6097,"date":"2025-06-25T05:15:12","date_gmt":"2025-06-25T03:15:12","guid":{"rendered":"https:\/\/sejour.lsagency.me\/?page_id=6097"},"modified":"2025-09-22T10:20:06","modified_gmt":"2025-09-22T08:20:06","slug":"flats","status":"publish","type":"page","link":"https:\/\/sejour.lsagency.me\/en\/flats\/","title":{"rendered":"Flats"},"content":{"rendered":"<div data-elementor-type=\"wp-page\" data-elementor-id=\"6097\" class=\"elementor elementor-6097\" data-elementor-post-type=\"page\">\n\t\t\t\t<div class=\"elementor-element elementor-element-523af15 e-flex e-con-boxed e-con e-parent\" data-id=\"523af15\" data-element_type=\"container\" data-e-type=\"container\" data-settings=\"{&quot;background_background&quot;:&quot;classic&quot;}\">\n\t\t\t\t\t<div class=\"e-con-inner\">\n\t\t<div class=\"elementor-element elementor-element-0967a07 e-con-full e-flex e-con e-child\" data-id=\"0967a07\" data-element_type=\"container\" data-e-type=\"container\" data-settings=\"{&quot;background_background&quot;:&quot;classic&quot;}\">\n\t\t\t\t<div class=\"elementor-element elementor-element-0b1b84b elementor-widget__width-initial elementor-invisible elementor-widget elementor-widget-heading\" data-id=\"0b1b84b\" data-element_type=\"widget\" data-e-type=\"widget\" data-settings=\"{&quot;_animation&quot;:&quot;fadeIn&quot;,&quot;_animation_tablet&quot;:&quot;none&quot;,&quot;_animation_delay&quot;:200}\" data-widget_type=\"heading.default\">\n\t\t\t\t<div class=\"elementor-widget-container\">\n\t\t\t\t\t<h1 class=\"elementor-heading-title elementor-size-default\">Flats in Marrakech<\/h1>\t\t\t\t<\/div>\n\t\t\t\t<\/div>\n\t\t\t\t<div class=\"elementor-element elementor-element-d4b2b46 elementor-widget elementor-widget-text-editor\" data-id=\"d4b2b46\" data-element_type=\"widget\" data-e-type=\"widget\" data-widget_type=\"text-editor.default\">\n\t\t\t\t<div class=\"elementor-widget-container\">\n\t\t\t\t\t\t\t\t\t<p>We connect you to the best short-term flats for an unforgettable stay in Marrakech.<\/p>\t\t\t\t\t\t\t\t<\/div>\n\t\t\t\t<\/div>\n\t\t\t\t<\/div>\n\t\t\t\t\t<\/div>\n\t\t\t\t<\/div>\n\t\t<div class=\"elementor-element elementor-element-b98d128 e-flex e-con-boxed e-con e-parent\" data-id=\"b98d128\" data-element_type=\"container\" data-e-type=\"container\" data-settings=\"{&quot;background_background&quot;:&quot;classic&quot;}\">\n\t\t\t\t\t<div class=\"e-con-inner\">\n\t\t<div class=\"elementor-element elementor-element-702df61 e-con-full e-flex e-con e-child\" data-id=\"702df61\" data-element_type=\"container\" data-e-type=\"container\">\n\t\t\t\t<div class=\"elementor-element elementor-element-151544e elementor-widget elementor-widget-html\" data-id=\"151544e\" data-element_type=\"widget\" data-e-type=\"widget\" data-widget_type=\"html.default\">\n\t\t\t\t<div class=\"elementor-widget-container\">\n\t\t\t\t\t<iframe id=\"bookingengine\" allowfullscreen=\"\" src=\"https:\/\/app.superhote.com\/#\/get-available-rentals\/XJwXnS6Mukgqblf0xnDnt17DX\" style=\"display:block;\" width=\"100%\" height=\"4500\" frameborder=\"0\" sandbox=\"allow-scripts allow-forms allow-same-origin allow-presentation allow-top-navigation\"><\/iframe> \t\t\t\t<\/div>\n\t\t\t\t<\/div>\n\t\t\t\t<\/div>\n\t\t\t\t\t<\/div>\n\t\t\t\t<\/div>\n\t\t\t\t<\/div>","protected":false},"excerpt":{"rendered":"<p>Appartements \u00e0 Marrakech Nous vous connectons aux meilleurs appartements de courte dur\u00e9e pour un s\u00e9jour inoubliable \u00e0 Marrakech.<\/p>","protected":false},"author":1,"featured_media":5906,"parent":0,"menu_order":0,"comment_status":"closed","ping_status":"closed","template":"elementor_header_footer","meta":{"_acf_changed":false,"footnotes":""},"class_list":["post-6097","page","type-page","status-publish","has-post-thumbnail","hentry"],"acf":[],"_links":{"self":[{"href":"https:\/\/sejour.lsagency.me\/en\/wp-json\/wp\/v2\/pages\/6097","targetHints":{"allow":["GET"]}}],"collection":[{"href":"https:\/\/sejour.lsagency.me\/en\/wp-json\/wp\/v2\/pages"}],"about":[{"href":"https:\/\/sejour.lsagency.me\/en\/wp-json\/wp\/v2\/types\/page"}],"author":[{"embeddable":true,"href":"https:\/\/sejour.lsagency.me\/en\/wp-json\/wp\/v2\/users\/1"}],"replies":[{"embeddable":true,"href":"https:\/\/sejour.lsagency.me\/en\/wp-json\/wp\/v2\/comments?post=6097"}],"version-history":[{"count":34,"href":"https:\/\/sejour.lsagency.me\/en\/wp-json\/wp\/v2\/pages\/6097\/revisions"}],"predecessor-version":[{"id":7390,"href":"https:\/\/sejour.lsagency.me\/en\/wp-json\/wp\/v2\/pages\/6097\/revisions\/7390"}],"wp:featuredmedia":[{"embeddable":true,"href":"https:\/\/sejour.lsagency.me\/en\/wp-json\/wp\/v2\/media\/5906"}],"wp:attachment":[{"href":"https:\/\/sejour.lsagency.me\/en\/wp-json\/wp\/v2\/media?parent=6097"}],"curies":[{"name":"wp","href":"https:\/\/api.w.org\/{rel}","templated":true}]}}