{"id":6408,"date":"2025-07-08T00:32:32","date_gmt":"2025-07-07T22:32:32","guid":{"rendered":"https:\/\/sejour.lsagency.me\/?page_id=6408"},"modified":"2025-07-08T01:15:07","modified_gmt":"2025-07-07T23:15:07","slug":"listing-of-activities","status":"publish","type":"page","link":"https:\/\/sejour.lsagency.me\/en\/listing-of-activities\/","title":{"rendered":"List of activities"},"content":{"rendered":"\t\t<div data-elementor-type=\"wp-page\" data-elementor-id=\"6408\" class=\"elementor elementor-6408\" data-elementor-post-type=\"page\">\n\t\t\t\t<div class=\"elementor-element elementor-element-523af15 e-flex e-con-boxed e-con e-parent\" data-id=\"523af15\" data-element_type=\"container\" data-e-type=\"container\" data-settings=\"{&quot;background_background&quot;:&quot;classic&quot;}\">\n\t\t\t\t\t<div class=\"e-con-inner\">\n\t\t<div class=\"elementor-element elementor-element-0967a07 e-con-full e-flex e-con e-child\" data-id=\"0967a07\" data-element_type=\"container\" data-e-type=\"container\" data-settings=\"{&quot;background_background&quot;:&quot;classic&quot;}\">\n\t\t\t\t<div class=\"elementor-element elementor-element-0b1b84b elementor-widget__width-initial elementor-invisible elementor-widget elementor-widget-heading\" data-id=\"0b1b84b\" data-element_type=\"widget\" data-e-type=\"widget\" data-settings=\"{&quot;_animation&quot;:&quot;fadeIn&quot;,&quot;_animation_tablet&quot;:&quot;none&quot;,&quot;_animation_delay&quot;:200}\" data-widget_type=\"heading.default\">\n\t\t\t\t<div class=\"elementor-widget-container\">\n\t\t\t\t\t<h1 class=\"elementor-heading-title elementor-size-default\">Nos Activit\u00e9s disponible<\/h1>\t\t\t\t<\/div>\n\t\t\t\t<\/div>\n\t\t\t\t<\/div>\n\t\t\t\t\t<\/div>\n\t\t\t\t<\/div>\n\t\t\t\t<section class=\"elementor-section elementor-top-section elementor-element elementor-element-9bd5dd5 elementor-section-boxed elementor-section-height-default elementor-section-height-default\" data-id=\"9bd5dd5\" data-element_type=\"section\" data-e-type=\"section\" data-settings=\"{&quot;background_background&quot;:&quot;classic&quot;}\">\n\t\t\t\t\t\t\t<div class=\"elementor-background-overlay\"><\/div>\n\t\t\t\t\t\t\t<div class=\"elementor-container elementor-column-gap-default\">\n\t\t\t\t\t<div class=\"elementor-column elementor-col-100 elementor-top-column elementor-element elementor-element-dd5ef31\" data-id=\"dd5ef31\" data-element_type=\"column\" data-e-type=\"column\">\n\t\t\t<div class=\"elementor-widget-wrap elementor-element-populated\">\n\t\t\t\t\t\t<div class=\"elementor-element elementor-element-bfa1a9f elementor-widget__width-initial elementor-invisible elementor-widget elementor-widget-text-editor\" data-id=\"bfa1a9f\" data-element_type=\"widget\" data-e-type=\"widget\" data-settings=\"{&quot;_animation&quot;:&quot;fadeIn&quot;}\" data-widget_type=\"text-editor.default\">\n\t\t\t\t<div class=\"elementor-widget-container\">\n\t\t\t\t\t\t\t\t\t<p><strong>LUXURY SERVICE AGENCY<\/strong><\/p>\t\t\t\t\t\t\t\t<\/div>\n\t\t\t\t<\/div>\n\t\t\t\t<div class=\"elementor-element elementor-element-d37c636 elementor-invisible elementor-widget elementor-widget-heading\" data-id=\"d37c636\" data-element_type=\"widget\" data-e-type=\"widget\" data-settings=\"{&quot;_animation&quot;:&quot;fadeIn&quot;}\" data-widget_type=\"heading.default\">\n\t\t\t\t<div class=\"elementor-widget-container\">\n\t\t\t\t\t<h2 class=\"elementor-heading-title elementor-size-default\">D\u00e9couvrez le meilleure de Marrakech<\/h2>\t\t\t\t<\/div>\n\t\t\t\t<\/div>\n\t\t\t\t<section class=\"elementor-section elementor-inner-section elementor-element elementor-element-593b6e6 elementor-section-boxed elementor-section-height-default elementor-section-height-default\" data-id=\"593b6e6\" data-element_type=\"section\" data-e-type=\"section\" data-settings=\"{&quot;animation&quot;:&quot;none&quot;}\">\n\t\t\t\t\t\t<div class=\"elementor-container elementor-column-gap-extended\">\n\t\t\t\t\t<div class=\"elementor-column elementor-col-100 elementor-inner-column elementor-element elementor-element-ef71b0c\" data-id=\"ef71b0c\" data-element_type=\"column\" data-e-type=\"column\" data-settings=\"{&quot;animation&quot;:&quot;none&quot;}\">\n\t\t\t<div class=\"elementor-widget-wrap elementor-element-populated\">\n\t\t\t\t\t\t<div class=\"elementor-element elementor-element-78b4f2c elementor-grid-4 elementor-grid-tablet-2 elementor-grid-mobile-1 elementor-widget elementor-widget-loop-grid\" data-id=\"78b4f2c\" data-element_type=\"widget\" data-e-type=\"widget\" data-settings=\"{&quot;template_id&quot;:6309,&quot;columns&quot;:4,&quot;masonry&quot;:&quot;yes&quot;,&quot;pagination_type&quot;:&quot;load_more_infinite_scroll&quot;,&quot;_skin&quot;:&quot;post&quot;,&quot;columns_tablet&quot;:&quot;2&quot;,&quot;columns_mobile&quot;:&quot;1&quot;,&quot;edit_handle_selector&quot;:&quot;[data-elementor-type=\\&quot;loop-item\\&quot;]&quot;,&quot;load_more_spinner&quot;:{&quot;value&quot;:&quot;fas fa-spinner&quot;,&quot;library&quot;:&quot;fa-solid&quot;},&quot;row_gap&quot;:{&quot;unit&quot;:&quot;px&quot;,&quot;size&quot;:&quot;&quot;,&quot;sizes&quot;:[]},&quot;row_gap_tablet&quot;:{&quot;unit&quot;:&quot;px&quot;,&quot;size&quot;:&quot;&quot;,&quot;sizes&quot;:[]},&quot;row_gap_mobile&quot;:{&quot;unit&quot;:&quot;px&quot;,&quot;size&quot;:&quot;&quot;,&quot;sizes&quot;:[]}}\" data-widget_type=\"loop-grid.post\">\n\t\t\t\t<div class=\"elementor-widget-container\">\n\t\t\t\t\t\t\t<div class=\"elementor-loop-container elementor-grid\" role=\"list\">\n\t\t<style id=\"loop-6309\">.elementor-6309 .elementor-element.elementor-element-7c4a6d9{--display:flex;}.elementor-6309 .elementor-element.elementor-element-7c4a6d9:not(.elementor-motion-effects-element-type-background), .elementor-6309 .elementor-element.elementor-element-7c4a6d9 > .elementor-motion-effects-container > .elementor-motion-effects-layer{background-color:var( --e-global-color-primary );}.elementor-6309 .elementor-element.elementor-element-ca1c3e7{--display:flex;--gap:1px 1px;--row-gap:1px;--column-gap:1px;border-style:solid;--border-style:solid;border-width:3px 3px 3px 3px;--border-top-width:3px;--border-right-width:3px;--border-bottom-width:3px;--border-left-width:3px;border-color:var( --e-global-color-accent );--border-color:var( --e-global-color-accent );--border-radius:10px 10px 10px 10px;}.elementor-6309 .elementor-element.elementor-element-ca1c3e7:not(.elementor-motion-effects-element-type-background), .elementor-6309 .elementor-element.elementor-element-ca1c3e7 > .elementor-motion-effects-container > .elementor-motion-effects-layer{background-color:transparent;background-image:linear-gradient(180deg, var( --e-global-color-6e2696c ) 66%, var( --e-global-color-5b1e934 ) 100%);}.elementor-6309 .elementor-element.elementor-element-eacb414{text-align:start;}.elementor-6309 .elementor-element.elementor-element-eacb414 .elementor-heading-title{font-weight:600;text-transform:uppercase;}.elementor-6309 .elementor-element.elementor-element-eacb414 > .elementor-widget-container{margin:10px 0px 0px 0px;}.elementor-6309 .elementor-element.elementor-element-fe05c5a{--display:grid;--e-con-grid-template-columns:repeat(2, 1fr);--e-con-grid-template-rows:repeat(1, 1fr);--grid-auto-flow:row;--align-items:center;}.elementor-6309 .elementor-element.elementor-element-b9b9133{font-weight:700;text-transform:uppercase;}.elementor-6309 .elementor-element.elementor-element-1b833ad{text-align:end;font-size:20px;font-weight:600;}.elementor-6309 .elementor-element.elementor-element-b648dc3{--display:grid;--e-con-grid-template-columns:repeat(1, 1fr);--e-con-grid-template-rows:repeat(1, 1fr);--grid-auto-flow:row;--align-items:center;}.elementor-6309 .elementor-element.elementor-element-a91b53c{font-weight:700;}@media(max-width:1024px){.elementor-6309 .elementor-element.elementor-element-fe05c5a{--grid-auto-flow:row;}.elementor-6309 .elementor-element.elementor-element-b648dc3{--grid-auto-flow:row;}}@media(max-width:767px){.elementor-6309 .elementor-element.elementor-element-fe05c5a{--e-con-grid-template-columns:repeat(1, 1fr);--grid-auto-flow:row;}.elementor-6309 .elementor-element.elementor-element-b648dc3{--e-con-grid-template-columns:repeat(1, 1fr);--grid-auto-flow:row;}}<\/style>\t\t<div data-elementor-type=\"loop-item\" data-elementor-id=\"6309\" class=\"elementor elementor-6309 e-loop-item e-loop-item-6299 post-6299 activites type-activites status-publish has-post-thumbnail hentry\" data-elementor-post-type=\"elementor_library\" data-custom-edit-handle=\"1\">\n\t\t\t<div class=\"elementor-element elementor-element-7c4a6d9 e-flex e-con-boxed e-con e-parent\" data-id=\"7c4a6d9\" data-element_type=\"container\" data-e-type=\"container\" data-settings=\"{&quot;background_background&quot;:&quot;classic&quot;}\">\n\t\t\t\t\t<div class=\"e-con-inner\">\n\t\t<div class=\"elementor-element elementor-element-ca1c3e7 e-con-full e-flex e-con e-child\" data-id=\"ca1c3e7\" data-element_type=\"container\" data-e-type=\"container\" data-settings=\"{&quot;background_background&quot;:&quot;gradient&quot;}\">\n\t\t\t\t<div class=\"elementor-element elementor-element-a3bf07d elementor-widget elementor-widget-image\" data-id=\"a3bf07d\" data-element_type=\"widget\" data-e-type=\"widget\" data-widget_type=\"image.default\">\n\t\t\t\t<div class=\"elementor-widget-container\">\n\t\t\t\t\t\t\t\t\t\t\t\t\t\t\t\t<a href=\"https:\/\/sejour.lsagency.me\/en\/activities\/quad\/\">\n\t\t\t\t\t\t\t<img fetchpriority=\"high\" decoding=\"async\" width=\"875\" height=\"582\" src=\"https:\/\/sejour.lsagency.me\/wp-content\/uploads\/2025\/07\/femme-voyageant-en-quad-par-l-ocean.avif\" class=\"attachment-full size-full wp-image-6300\" alt=\"Des activit\u00e9s \u00e0 marrakech femme-voyageant-en-quad-par-l-ocean\" srcset=\"https:\/\/sejour.lsagency.me\/wp-content\/uploads\/2025\/07\/femme-voyageant-en-quad-par-l-ocean.avif 875w, https:\/\/sejour.lsagency.me\/wp-content\/uploads\/2025\/07\/femme-voyageant-en-quad-par-l-ocean-300x200.avif 300w, https:\/\/sejour.lsagency.me\/wp-content\/uploads\/2025\/07\/femme-voyageant-en-quad-par-l-ocean-768x511.avif 768w, https:\/\/sejour.lsagency.me\/wp-content\/uploads\/2025\/07\/femme-voyageant-en-quad-par-l-ocean-18x12.avif 18w, https:\/\/sejour.lsagency.me\/wp-content\/uploads\/2025\/07\/femme-voyageant-en-quad-par-l-ocean-150x100.avif 150w, https:\/\/sejour.lsagency.me\/wp-content\/uploads\/2025\/07\/femme-voyageant-en-quad-par-l-ocean-488x326.avif 488w\" sizes=\"(max-width: 875px) 100vw, 875px\" \/>\t\t\t\t\t\t\t\t<\/a>\n\t\t\t\t\t\t\t\t\t\t\t\t\t\t\t<\/div>\n\t\t\t\t<\/div>\n\t\t\t\t<div class=\"elementor-element elementor-element-eacb414 elementor-widget elementor-widget-heading\" data-id=\"eacb414\" data-element_type=\"widget\" data-e-type=\"widget\" data-widget_type=\"heading.default\">\n\t\t\t\t<div class=\"elementor-widget-container\">\n\t\t\t\t\t<h3 class=\"elementor-heading-title elementor-size-default\">QUAD dans le d\u00e9sert d\u2019Agafay<\/h3>\t\t\t\t<\/div>\n\t\t\t\t<\/div>\n\t\t<div class=\"elementor-element elementor-element-fe05c5a e-grid e-con-full e-con e-child\" data-id=\"fe05c5a\" data-element_type=\"container\" data-e-type=\"container\">\n\t\t\t\t<div class=\"elementor-element elementor-element-b9b9133 elementor-widget elementor-widget-text-editor\" data-id=\"b9b9133\" data-element_type=\"widget\" data-e-type=\"widget\" data-widget_type=\"text-editor.default\">\n\t\t\t\t<div class=\"elementor-widget-container\">\n\t\t\t\t\t\t\t\t\tDemi journ\u00e9e\t\t\t\t\t\t\t\t<\/div>\n\t\t\t\t<\/div>\n\t\t\t\t<div class=\"elementor-element elementor-element-1b833ad elementor-hidden-desktop elementor-hidden-tablet elementor-hidden-mobile elementor-widget elementor-widget-text-editor\" data-id=\"1b833ad\" data-element_type=\"widget\" data-e-type=\"widget\" data-widget_type=\"text-editor.default\">\n\t\t\t\t<div class=\"elementor-widget-container\">\n\t\t\t\t\t\t\t\t\t26 \u20ac\t\t\t\t\t\t\t\t<\/div>\n\t\t\t\t<\/div>\n\t\t\t\t<\/div>\n\t\t<div class=\"elementor-element elementor-element-b648dc3 e-grid e-con-full e-con e-child\" data-id=\"b648dc3\" data-element_type=\"container\" data-e-type=\"container\">\n\t\t\t\t<div class=\"elementor-element elementor-element-a91b53c elementor-widget elementor-widget-text-editor\" data-id=\"a91b53c\" data-element_type=\"widget\" data-e-type=\"widget\" data-widget_type=\"text-editor.default\">\n\t\t\t\t<div class=\"elementor-widget-container\">\n\t\t\t\t\t\t\t\t\tDeux heures de balade, Pause th\u00e9 et transfert  inclus\t\t\t\t\t\t\t\t<\/div>\n\t\t\t\t<\/div>\n\t\t\t\t<\/div>\n\t\t\t\t<div class=\"elementor-element elementor-element-557d307 elementor-widget elementor-widget-button\" data-id=\"557d307\" data-element_type=\"widget\" data-e-type=\"widget\" data-widget_type=\"button.default\">\n\t\t\t\t<div class=\"elementor-widget-container\">\n\t\t\t\t\t\t\t\t\t<div class=\"elementor-button-wrapper\">\n\t\t\t\t\t<a class=\"elementor-button elementor-button-link elementor-size-sm\" href=\"https:\/\/sejour.lsagency.me\/en\/activities\/quad\/\">\n\t\t\t\t\t\t<span class=\"elementor-button-content-wrapper\">\n\t\t\t\t\t\t\t\t\t<span class=\"elementor-button-text\">Voir l'activit\u00e9<\/span>\n\t\t\t\t\t<\/span>\n\t\t\t\t\t<\/a>\n\t\t\t\t<\/div>\n\t\t\t\t\t\t\t\t<\/div>\n\t\t\t\t<\/div>\n\t\t\t\t<\/div>\n\t\t\t\t\t<\/div>\n\t\t\t\t<\/div>\n\t\t\t\t<\/div>\n\t\t\t\t<\/div>\n\t\t\t\t\t<span class=\"e-load-more-spinner\">\n\t\t\t\t<svg aria-hidden=\"true\" class=\"e-font-icon-svg e-fas-spinner\" viewBox=\"0 0 512 512\" xmlns=\"http:\/\/www.w3.org\/2000\/svg\"><path d=\"M304 48c0 26.51-21.49 48-48 48s-48-21.49-48-48 21.49-48 48-48 48 21.49 48 48zm-48 368c-26.51 0-48 21.49-48 48s21.49 48 48 48 48-21.49 48-48-21.49-48-48-48zm208-208c-26.51 0-48 21.49-48 48s21.49 48 48 48 48-21.49 48-48-21.49-48-48-48zM96 256c0-26.51-21.49-48-48-48S0 229.49 0 256s21.49 48 48 48 48-21.49 48-48zm12.922 99.078c-26.51 0-48 21.49-48 48s21.49 48 48 48 48-21.49 48-48c0-26.509-21.491-48-48-48zm294.156 0c-26.51 0-48 21.49-48 48s21.49 48 48 48 48-21.49 48-48c0-26.509-21.49-48-48-48zM108.922 60.922c-26.51 0-48 21.49-48 48s21.49 48 48 48 48-21.49 48-48-21.491-48-48-48z\"><\/path><\/svg>\t\t\t<\/span>\n\t\t\n\t\t\t\t\t\t<\/div>\n\t\t\t\t<\/div>\n\t\t\t\t\t<\/div>\n\t\t<\/div>\n\t\t\t\t\t<\/div>\n\t\t<\/section>\n\t\t\t\t\t<\/div>\n\t\t<\/div>\n\t\t\t\t\t<\/div>\n\t\t<\/section>\n\t\t\t\t<section class=\"elementor-section elementor-top-section elementor-element elementor-element-25893cd elementor-section-full_width elementor-section-stretched elementor-section-height-default elementor-section-height-default\" data-id=\"25893cd\" data-element_type=\"section\" data-e-type=\"section\" data-settings=\"{&quot;stretch_section&quot;:&quot;section-stretched&quot;,&quot;shape_divider_bottom&quot;:&quot;tilt&quot;,&quot;background_background&quot;:&quot;classic&quot;}\">\n\t\t\t\t\t<div class=\"elementor-shape elementor-shape-bottom\" aria-hidden=\"true\" data-negative=\"false\">\n\t\t\t<svg xmlns=\"http:\/\/www.w3.org\/2000\/svg\" viewBox=\"0 0 1000 100\" preserveAspectRatio=\"none\">\n\t<path class=\"elementor-shape-fill\" d=\"M0,6V0h1000v100L0,6z\"\/>\n<\/svg>\t\t<\/div>\n\t\t\t\t\t<div class=\"elementor-container elementor-column-gap-no\">\n\t\t\t\t\t<div class=\"elementor-column elementor-col-100 elementor-top-column elementor-element elementor-element-ffa0e3e\" data-id=\"ffa0e3e\" data-element_type=\"column\" data-e-type=\"column\" data-settings=\"{&quot;background_background&quot;:&quot;gradient&quot;}\">\n\t\t\t<div class=\"elementor-widget-wrap elementor-element-populated\">\n\t\t\t\t\t\t<div class=\"elementor-element elementor-element-0281ab4 elementor-widget elementor-widget-ere-cta-two-widget\" data-id=\"0281ab4\" data-element_type=\"widget\" data-e-type=\"widget\" data-widget_type=\"ere-cta-two-widget.default\">\n\t\t\t\t<div class=\"elementor-widget-container\">\n\t\t\t\t\t        <section\n                class=\"rh_elementor_widget rh_section__cta_elementor_two rh_cta--featured_elementor ere_cta_parallax\" style=\"background-size: cover; background-image: url(https:\/\/sejour.lsagency.me\/wp-content\/plugins\/realhomes-elementor-addon\/assets\/images\/cta-above-footer.jpg ) \">\n\n\n\t\t\t                <div class=\"elementor_overlay_cta_1\"><\/div>\n\t\t\t            <div class=\"wrapper-section-contents_elementor\">\n                <div class=\"rh_cta__wrap_elementor\">\n\n\t\t\t\t\t                        <p class=\"rh_cta__title\">Vous en voulez plus ?<\/p>\n\t\t\t\t\t\n\t\t\t\t\t                        <h3 class=\"rh_cta__quote\">Parlez \u00e0 nos experts ou consultez des Consulter les h\u00e9bergements.<\/h3>\n\t\t\t\t\t\n                    <div class=\"rh_cta__btns_elementor_two\">\n\n\t\t\t\t\t\t                            <a href=\"https:\/\/sejour.lsagency.me\/hebergements\/\"\n                               class=\"cta_two_elementor_first_button cta_two_elementor_button\">Consulter les h\u00e9herbements<\/a>\n\t\t\t\t\t\t\n\t\t\t\t\t\t\n                    <\/div>\n\n                <\/div>\n            <\/div>\n\n        <\/section>\n\n\t\t\t\t\t\t<\/div>\n\t\t\t\t<\/div>\n\t\t\t\t\t<\/div>\n\t\t<\/div>\n\t\t\t\t\t<\/div>\n\t\t<\/section>\n\t\t\t\t<\/div>\n\t\t","protected":false},"excerpt":{"rendered":"<p>Nos Activit\u00e9s disponible LUXURY SERVICE AGENCY D\u00e9couvrez le meilleure de Marrakech Vous en voulez plus ? Parlez \u00e0 nos experts ou consultez des Consulter les h\u00e9bergements. Consulter les h\u00e9herbements<\/p>","protected":false},"author":1,"featured_media":6300,"parent":0,"menu_order":0,"comment_status":"closed","ping_status":"closed","template":"elementor_header_footer","meta":{"_acf_changed":false,"footnotes":""},"class_list":["post-6408","page","type-page","status-publish","has-post-thumbnail","hentry"],"acf":[],"_links":{"self":[{"href":"https:\/\/sejour.lsagency.me\/en\/wp-json\/wp\/v2\/pages\/6408","targetHints":{"allow":["GET"]}}],"collection":[{"href":"https:\/\/sejour.lsagency.me\/en\/wp-json\/wp\/v2\/pages"}],"about":[{"href":"https:\/\/sejour.lsagency.me\/en\/wp-json\/wp\/v2\/types\/page"}],"author":[{"embeddable":true,"href":"https:\/\/sejour.lsagency.me\/en\/wp-json\/wp\/v2\/users\/1"}],"replies":[{"embeddable":true,"href":"https:\/\/sejour.lsagency.me\/en\/wp-json\/wp\/v2\/comments?post=6408"}],"version-history":[{"count":21,"href":"https:\/\/sejour.lsagency.me\/en\/wp-json\/wp\/v2\/pages\/6408\/revisions"}],"predecessor-version":[{"id":6461,"href":"https:\/\/sejour.lsagency.me\/en\/wp-json\/wp\/v2\/pages\/6408\/revisions\/6461"}],"wp:featuredmedia":[{"embeddable":true,"href":"https:\/\/sejour.lsagency.me\/en\/wp-json\/wp\/v2\/media\/6300"}],"wp:attachment":[{"href":"https:\/\/sejour.lsagency.me\/en\/wp-json\/wp\/v2\/media?parent=6408"}],"curies":[{"name":"wp","href":"https:\/\/api.w.org\/{rel}","templated":true}]}}